{"id":8811,"date":"2025-09-15T10:48:17","date_gmt":"2025-09-15T15:48:17","guid":{"rendered":"http:\/\/hgona.gob.ec\/?page_id=8811"},"modified":"2025-09-19T12:15:30","modified_gmt":"2025-09-19T17:15:30","slug":"comision-de-farmacovigilancia","status":"publish","type":"page","link":"http:\/\/hgona.gob.ec\/index.php\/comision-de-farmacovigilancia\/","title":{"rendered":"Comisi\u00f3n de Farmacovigilancia"},"content":{"rendered":"\n<p><strong>Qu\u00e9 es Farmacovigilancia?<\/strong><br>Es una actividad de salud p\u00fablica que realiza la detecci\u00f3n, evaluaci\u00f3n, comprensi\u00f3n y prevenci\u00f3n de las reacciones adversas o cualquier otro problema de salud relacionado con medicamentos o vacunas seg\u00fan la OMS.<\/p>\n\n\n\n<p><strong>Tipos de eventos que se notifican <\/strong><br><strong>Reacci\u00f3n adversa (RAM)<\/strong><br>Respuesta nociva y no intencionada a un medicamento, que se produce luego de administrada la dosis utilizada habitualmente en el ser humano.<br><strong>Falla Terap\u00e9utica (FT)<\/strong><br>Falla inesperada de un medicamento en producir el efecto previsto, como lo determina previamente una investigaci\u00f3n cient\u00edfica.<\/p>\n\n\n\n<p><strong>Error de medicaci\u00f3n (EM)<br><\/strong>Cualquier incidente previsible que pueda causar da\u00f1o al paciente o d\u00e9 lugar a una utilizaci\u00f3n inapropiada a los medicamentos, cuando estos est\u00e1n bajo el control de los profesionales sanitarios, del paciente o del consumidor.<br><strong>Evento Supuestamente Atribuible a la Vacunaci\u00f3n o Inmunizaci\u00f3n (ESAVI)<\/strong><br>Manifestaciones cl\u00ednicas o evento adverso que ocurre despu\u00e9s de la vacunaci\u00f3n y es supuestamente atribuido a la vacunaci\u00f3n e inmunizaci\u00f3n.<br>*Las definiciones de tipos de eventos seg\u00fan el Sistema Nacional de Farmacovigilancia-ARCSA.<\/p>\n\n\n\n<p><br><strong>\u00bfC\u00f3mo notificar una sospecha de Reacciones Adversas a Medicamentos?<\/strong><br>Se podr\u00e1 notificar mediante:<\/p>\n\n\n\n<p><strong>a) Online a trav\u00e9s de la plataforma VigiFlow descentralizada (ARCSA MED \/ ARCSA VAC<\/strong>)<br>Ingresar a los formularios seg\u00fan el tipo de producto sospechoso del evento adverso al uso  de medicamento o vacuna: <\/p>\n\n\n\n<p><strong>Para notificaci\u00f3n al uso de medicamento:<\/strong> https:\/\/vigiflow-eforms.who-umc.org\/ec\/ea<br><strong>Para notificaci\u00f3n al uso de vacuna:<\/strong> https:\/\/vigiflow-eforms.who-umc.org\/ec\/vac<\/p>\n\n\n\n<figure class=\"wp-block-image size-large\"><img decoding=\"async\" loading=\"lazy\" width=\"1024\" height=\"421\" src=\"http:\/\/hgona.gob.ec\/wp-content\/uploads\/2025\/09\/2fdc01b4-5f52-419c-ae6a-a9fce834ab40-1024x421.jpg\" alt=\"\" class=\"wp-image-8883\" srcset=\"http:\/\/hgona.gob.ec\/wp-content\/uploads\/2025\/09\/2fdc01b4-5f52-419c-ae6a-a9fce834ab40-1024x421.jpg 1024w, http:\/\/hgona.gob.ec\/wp-content\/uploads\/2025\/09\/2fdc01b4-5f52-419c-ae6a-a9fce834ab40-300x123.jpg 300w, http:\/\/hgona.gob.ec\/wp-content\/uploads\/2025\/09\/2fdc01b4-5f52-419c-ae6a-a9fce834ab40-768x316.jpg 768w, http:\/\/hgona.gob.ec\/wp-content\/uploads\/2025\/09\/2fdc01b4-5f52-419c-ae6a-a9fce834ab40.jpg 1531w\" sizes=\"(max-width: 1024px) 100vw, 1024px\" \/><\/figure>\n\n\n\n<p><\/p>\n\n\n\n<p><strong>b) Primary eReporting (Ficha amarilla \/ Ficha Blanca).<\/strong><\/p>\n\n\n\n<figure class=\"wp-block-image size-large\"><img decoding=\"async\" loading=\"lazy\" width=\"1024\" height=\"724\" src=\"http:\/\/hgona.gob.ec\/wp-content\/uploads\/2025\/09\/eventos_adversos-2-02-1024x724.jpg\" alt=\"\" class=\"wp-image-8846\" srcset=\"http:\/\/hgona.gob.ec\/wp-content\/uploads\/2025\/09\/eventos_adversos-2-02-1024x724.jpg 1024w, http:\/\/hgona.gob.ec\/wp-content\/uploads\/2025\/09\/eventos_adversos-2-02-300x212.jpg 300w, http:\/\/hgona.gob.ec\/wp-content\/uploads\/2025\/09\/eventos_adversos-2-02-768x543.jpg 768w, http:\/\/hgona.gob.ec\/wp-content\/uploads\/2025\/09\/eventos_adversos-2-02-1536x1086.jpg 1536w, http:\/\/hgona.gob.ec\/wp-content\/uploads\/2025\/09\/eventos_adversos-2-02.jpg 1754w\" sizes=\"(max-width: 1024px) 100vw, 1024px\" \/><\/figure>\n\n\n\n<p><\/p>\n\n\n\n<p class=\"has-text-align-center\">Hospital Gineco Obst\u00e9trico Pedi\u00e1trico Luz Elena Arismendi (HGONA) recibi\u00f3 el reconocimiento de Buenas Pr\u00e1cticas de Farmacovigilancia (BPFV) por parte de la Agencia Nacional de Regulaci\u00f3n, Control y Vigilancia Sanitaria (ARCSA), evento realizado en el Auditorio del Hospital Carlos Andrade Mar\u00edn, la Comisi\u00f3n T\u00e9cnica de Farmacovigilancia est\u00e1 comprometida en garantizar la seguridad y eficacia de los tratamientos. Permitiendo a los profesionales de salud abordar distintos problemas relacionados con los medicamentos, protegiendo el bienestar de los pacientes y la eficiencia de las intervenciones terap\u00e9uticas prescritas.<\/p>\n\n\n\n<figure class=\"wp-block-image size-large\"><img decoding=\"async\" loading=\"lazy\" width=\"1024\" height=\"683\" src=\"http:\/\/hgona.gob.ec\/wp-content\/uploads\/2025\/09\/GGuNoRhXQAMRFbc-1024x683.jpg\" alt=\"Fuente: ARCSA, 2024\" class=\"wp-image-8847\" srcset=\"http:\/\/hgona.gob.ec\/wp-content\/uploads\/2025\/09\/GGuNoRhXQAMRFbc-1024x683.jpg 1024w, http:\/\/hgona.gob.ec\/wp-content\/uploads\/2025\/09\/GGuNoRhXQAMRFbc-300x200.jpg 300w, http:\/\/hgona.gob.ec\/wp-content\/uploads\/2025\/09\/GGuNoRhXQAMRFbc-768x512.jpg 768w, http:\/\/hgona.gob.ec\/wp-content\/uploads\/2025\/09\/GGuNoRhXQAMRFbc-1536x1024.jpg 1536w, http:\/\/hgona.gob.ec\/wp-content\/uploads\/2025\/09\/GGuNoRhXQAMRFbc-2048x1365.jpg 2048w\" sizes=\"(max-width: 1024px) 100vw, 1024px\" \/><\/figure>\n\n\n\n<p class=\"has-text-align-center\"><strong>Notifica siempre las sospechas<\/strong> <strong>de reacciones adversas<\/strong> <\/p>\n\n\n\n<p class=\"has-text-align-center\"><strong>Juntos conseguiremos medicamentos m\u00e1s segu<\/strong>ros para todos<\/p>\n","protected":false},"excerpt":{"rendered":"<p>Qu\u00e9 es Farmacovigilancia?Es una actividad de salud p\u00fablica que realiza la detecci\u00f3n, evaluaci\u00f3n, comprensi\u00f3n y prevenci\u00f3n de las reacciones adversas<\/p>\n","protected":false},"author":1,"featured_media":0,"parent":0,"menu_order":0,"comment_status":"closed","ping_status":"closed","template":"","meta":[],"_links":{"self":[{"href":"http:\/\/hgona.gob.ec\/index.php\/wp-json\/wp\/v2\/pages\/8811"}],"collection":[{"href":"http:\/\/hgona.gob.ec\/index.php\/wp-json\/wp\/v2\/pages"}],"about":[{"href":"http:\/\/hgona.gob.ec\/index.php\/wp-json\/wp\/v2\/types\/page"}],"author":[{"embeddable":true,"href":"http:\/\/hgona.gob.ec\/index.php\/wp-json\/wp\/v2\/users\/1"}],"replies":[{"embeddable":true,"href":"http:\/\/hgona.gob.ec\/index.php\/wp-json\/wp\/v2\/comments?post=8811"}],"version-history":[{"count":6,"href":"http:\/\/hgona.gob.ec\/index.php\/wp-json\/wp\/v2\/pages\/8811\/revisions"}],"predecessor-version":[{"id":8884,"href":"http:\/\/hgona.gob.ec\/index.php\/wp-json\/wp\/v2\/pages\/8811\/revisions\/8884"}],"wp:attachment":[{"href":"http:\/\/hgona.gob.ec\/index.php\/wp-json\/wp\/v2\/media?parent=8811"}],"curies":[{"name":"wp","href":"https:\/\/api.w.org\/{rel}","templated":true}]}}