{"id":8263,"date":"2025-06-18T12:58:35","date_gmt":"2025-06-18T17:58:35","guid":{"rendered":"http:\/\/hgona.gob.ec\/?page_id=8263"},"modified":"2025-09-02T13:32:24","modified_gmt":"2025-09-02T18:32:24","slug":"rendicion-de-cuentas-2024","status":"publish","type":"page","link":"http:\/\/hgona.gob.ec\/index.php\/rendicion-de-cuentas-2024\/","title":{"rendered":"Rendici\u00f3n de Cuentas 2024"},"content":{"rendered":"\n<p>El Hospital Gineco Obst\u00e9trico Pedi\u00e1trico de Nueva Aurora Luz Elena Arismendi el 17 de junio del 2025 en el auditorio ubicado en sus instalaciones, presento su rendici\u00f3n de cuentas correspondiente al a\u00f1o 2024 en un evento que se desarroll\u00f3 de manera presencial y que tambi\u00e9n se transmiti\u00f3 de forma virtual por Youtube, fue un evento de di\u00e1logo e interrelaci\u00f3n entre autoridades y ciudadan\u00eda para informar y poner en su consideraci\u00f3n las acciones, proyectos y resultados de la gesti\u00f3n p\u00fablica.<\/p>\n\n\n\n<figure class=\"wp-block-embed is-type-video is-provider-youtube wp-block-embed-youtube wp-embed-aspect-16-9 wp-has-aspect-ratio\"><div class=\"wp-block-embed__wrapper\">\n<iframe loading=\"lazy\" title=\"Rendici\u00f3n de Cuentas 2024\" width=\"800\" height=\"450\" src=\"https:\/\/www.youtube.com\/embed\/ZMqVe4VPBJ8?feature=oembed\" frameborder=\"0\" allow=\"accelerometer; autoplay; clipboard-write; encrypted-media; gyroscope; picture-in-picture; web-share\" referrerpolicy=\"strict-origin-when-cross-origin\" allowfullscreen><\/iframe>\n<\/div><\/figure>\n\n\n\n<p class=\"has-text-align-left\"><mark style=\"background-color:#ffffff\" class=\"has-inline-color has-black-color\"><strong>Informe Rendici\u00f3n de Cuentas 2024<\/strong><\/mark><\/p>\n\n\n<a href=\"http:\/\/hgona.gob.ec\/wp-content\/uploads\/2025\/08\/Informe-Ejecutivo-RC-2024-Fase-tres_Hosp.-Nueva-Aurora-signed-signed-signed-signed-signed-signed.pdf\" class=\"pdfemb-viewer\" style=\"\" data-width=\"max\" data-height=\"max\"  data-toolbar=\"bottom\" data-toolbar-fixed=\"off\">Informe-Ejecutivo-RC-2024-Fase-tres_Hosp.-Nueva-Aurora-signed-signed-signed-signed-signed-signed<br\/><\/a>\n<p class=\"wp-block-pdfemb-pdf-embedder-viewer\"><\/p>\n\n\n<b>PDF Embedder requires a url attribute<\/b>\n\n<a href=\"http:\/\/hgona.gob.ec\/wp-content\/uploads\/2025\/09\/Informe-Narrativo-10062025-DV-signed-signed-signed-signed-signed-signed-signed.pdf\" class=\"pdfemb-viewer\" style=\"\" data-width=\"max\" data-height=\"max\"  data-toolbar=\"bottom\" data-toolbar-fixed=\"off\">Informe-Narrativo-10062025-DV-signed-signed-signed-signed-signed-signed-signed<br\/><\/a>\n<p class=\"wp-block-pdfemb-pdf-embedder-viewer\"><\/p>\n\n\n<a href=\"http:\/\/hgona.gob.ec\/wp-content\/uploads\/2025\/09\/Informe-del-CPCCS_RC2024_FASE3_Hospital-Gineco-Obstetrico-Pediatrico-de-Nueva-Aurora-Luz-Elena-1.pdf\" class=\"pdfemb-viewer\" style=\"\" data-width=\"max\" data-height=\"max\"  data-toolbar=\"bottom\" data-toolbar-fixed=\"off\">Informe-del-CPCCS_RC2024_FASE3_Hospital-Gineco-Obstetrico-Pediatrico-de-Nueva-Aurora-Luz-Elena-1<br\/><\/a>\n<p class=\"wp-block-pdfemb-pdf-embedder-viewer\"><\/p>\n\n\n<a href=\"http:\/\/hgona.gob.ec\/wp-content\/uploads\/2025\/09\/MSP-CZ9-2025-17083-M-1-AGRADECIMIENTO-FINALIZACION-PROCESO-RC.pdf\" class=\"pdfemb-viewer\" style=\"\" data-width=\"max\" data-height=\"max\"  data-toolbar=\"bottom\" data-toolbar-fixed=\"off\">MSP-CZ9-2025-17083-M-1-AGRADECIMIENTO-FINALIZACION-PROCESO-RC<br\/><\/a>\n<p class=\"wp-block-pdfemb-pdf-embedder-viewer\"><\/p>\n","protected":false},"excerpt":{"rendered":"<p>El Hospital Gineco Obst\u00e9trico Pedi\u00e1trico de Nueva Aurora Luz Elena Arismendi el 17 de junio del 2025 en el auditorio<\/p>\n","protected":false},"author":1,"featured_media":0,"parent":0,"menu_order":0,"comment_status":"closed","ping_status":"closed","template":"","meta":[],"_links":{"self":[{"href":"http:\/\/hgona.gob.ec\/index.php\/wp-json\/wp\/v2\/pages\/8263"}],"collection":[{"href":"http:\/\/hgona.gob.ec\/index.php\/wp-json\/wp\/v2\/pages"}],"about":[{"href":"http:\/\/hgona.gob.ec\/index.php\/wp-json\/wp\/v2\/types\/page"}],"author":[{"embeddable":true,"href":"http:\/\/hgona.gob.ec\/index.php\/wp-json\/wp\/v2\/users\/1"}],"replies":[{"embeddable":true,"href":"http:\/\/hgona.gob.ec\/index.php\/wp-json\/wp\/v2\/comments?post=8263"}],"version-history":[{"count":9,"href":"http:\/\/hgona.gob.ec\/index.php\/wp-json\/wp\/v2\/pages\/8263\/revisions"}],"predecessor-version":[{"id":8756,"href":"http:\/\/hgona.gob.ec\/index.php\/wp-json\/wp\/v2\/pages\/8263\/revisions\/8756"}],"wp:attachment":[{"href":"http:\/\/hgona.gob.ec\/index.php\/wp-json\/wp\/v2\/media?parent=8263"}],"curies":[{"name":"wp","href":"https:\/\/api.w.org\/{rel}","templated":true}]}}