{"id":6922,"date":"2024-03-19T17:16:16","date_gmt":"2024-03-19T22:16:16","guid":{"rendered":"http:\/\/hgona.gob.ec\/?page_id=6922"},"modified":"2024-04-12T11:34:36","modified_gmt":"2024-04-12T16:34:36","slug":"rendicion-de-cuentas-2023","status":"publish","type":"page","link":"http:\/\/hgona.gob.ec\/index.php\/rendicion-de-cuentas-2023\/","title":{"rendered":"Rendici\u00f3n de Cuentas 2023"},"content":{"rendered":"\n<div class=\"wp-block-columns is-layout-flex wp-container-2\">\n<div class=\"wp-block-column is-layout-flow\" style=\"flex-basis:100%\">\n<p><iframe loading=\"lazy\" width=\"560\" height=\"315\" src=\"https:\/\/www.youtube.com\/embed\/xtjyvJbG1Bo?si=zludePjVKYYmgQt-\" title=\"YouTube video player\" frameborder=\"0\" allow=\"accelerometer; autoplay; clipboard-write; encrypted-media; gyroscope; picture-in-picture; web-share\" allowfullscreen=\"\"><\/iframe><\/p>\n<\/div>\n<\/div>\n\n\n\n<p>El Hospital Gineco Obst\u00e9trico Pedi\u00e1trico de Nueva Aurora Luz Elena Arismendi el 20 de marzo del 2024 en el auditorio ubicado en sus instalaciones, presento su rendici\u00f3n de cuentas correspondiente al a\u00f1o 2023 en un evento que se desarroll\u00f3 de manera presencial y que tambi\u00e9n se transmiti\u00f3 de forma virtual por Youtube, fue un evento de di\u00e1logo e interrelaci\u00f3n entre autoridades y ciudadan\u00eda para informar y poner en su consideraci\u00f3n las acciones, proyectos y resultados de la gesti\u00f3n p\u00fablica.<\/p>\n\n\n\n<div class=\"wp-block-buttons is-layout-flex\">\n<div class=\"wp-block-button\"><a class=\"wp-block-button__link wp-element-button\">Informe Rendici\u00f3n de Cuentas 2023<\/a><\/div>\n<\/div>\n\n\n<a href=\"http:\/\/hgona.gob.ec\/wp-content\/uploads\/2024\/04\/Informe-Ejecutivo-preliminar-RC-2023-HGONA.pdf\" class=\"pdfemb-viewer\" style=\"\" data-width=\"max\" data-height=\"max\"  data-toolbar=\"bottom\" data-toolbar-fixed=\"off\">Informe-Ejecutivo-preliminar-RC-2023-HGONA<br\/><\/a>\n<p class=\"wp-block-pdfemb-pdf-embedder-viewer\"><\/p>\n","protected":false},"excerpt":{"rendered":"<p>El Hospital Gineco Obst\u00e9trico Pedi\u00e1trico de Nueva Aurora Luz Elena Arismendi el 20 de marzo del 2024 en el auditorio<\/p>\n","protected":false},"author":1,"featured_media":0,"parent":0,"menu_order":0,"comment_status":"closed","ping_status":"closed","template":"","meta":[],"_links":{"self":[{"href":"http:\/\/hgona.gob.ec\/index.php\/wp-json\/wp\/v2\/pages\/6922"}],"collection":[{"href":"http:\/\/hgona.gob.ec\/index.php\/wp-json\/wp\/v2\/pages"}],"about":[{"href":"http:\/\/hgona.gob.ec\/index.php\/wp-json\/wp\/v2\/types\/page"}],"author":[{"embeddable":true,"href":"http:\/\/hgona.gob.ec\/index.php\/wp-json\/wp\/v2\/users\/1"}],"replies":[{"embeddable":true,"href":"http:\/\/hgona.gob.ec\/index.php\/wp-json\/wp\/v2\/comments?post=6922"}],"version-history":[{"count":13,"href":"http:\/\/hgona.gob.ec\/index.php\/wp-json\/wp\/v2\/pages\/6922\/revisions"}],"predecessor-version":[{"id":8707,"href":"http:\/\/hgona.gob.ec\/index.php\/wp-json\/wp\/v2\/pages\/6922\/revisions\/8707"}],"wp:attachment":[{"href":"http:\/\/hgona.gob.ec\/index.php\/wp-json\/wp\/v2\/media?parent=6922"}],"curies":[{"name":"wp","href":"https:\/\/api.w.org\/{rel}","templated":true}]}}