{"id":66,"date":"2021-03-18T20:01:47","date_gmt":"2021-03-18T20:01:47","guid":{"rendered":"http:\/\/172.16.100.105\/?page_id=66"},"modified":"2021-09-09T17:39:33","modified_gmt":"2021-09-09T17:39:33","slug":"contacto-2","status":"publish","type":"page","link":"http:\/\/hgona.gob.ec\/index.php\/contacto-2\/","title":{"rendered":"Contacto"},"content":{"rendered":"\n<div class=\"wp-block-image\"><figure class=\"aligncenter size-large\"><img decoding=\"async\" loading=\"lazy\" width=\"1024\" height=\"299\" src=\"http:\/\/hgona.gob.ec\/wp-content\/uploads\/2021\/09\/msp2-1024x299.png\" alt=\"\" class=\"wp-image-3835\" srcset=\"http:\/\/hgona.gob.ec\/wp-content\/uploads\/2021\/09\/msp2-1024x299.png 1024w, http:\/\/hgona.gob.ec\/wp-content\/uploads\/2021\/09\/msp2-300x88.png 300w, http:\/\/hgona.gob.ec\/wp-content\/uploads\/2021\/09\/msp2-768x224.png 768w, http:\/\/hgona.gob.ec\/wp-content\/uploads\/2021\/09\/msp2.png 1200w\" sizes=\"(max-width: 1024px) 100vw, 1024px\" \/><\/figure><\/div>\n\n\n\n<br>\n\n\n\n<div class=\"wp-block-columns is-layout-flex wp-container-3\">\n<div class=\"wp-block-column is-layout-flow\" style=\"flex-basis:33.33%\">\n<p><strong>Tipo:<\/strong><\/p>\n\n\n\n<p><strong>N\u00famero de camas:<\/strong><\/p>\n\n\n\n<p><strong>Lugar:<\/strong><\/p>\n\n\n\n<p><strong>Direcci\u00f3n:<\/strong><\/p>\n\n\n\n<p><strong>Servicios<\/strong>:<\/p>\n\n\n\n<br><br><br><br><br><br><br><br>\n\n\n\n<p><strong>Equipamiento:<\/strong><\/p>\n\n\n\n<br>\n\n\n\n<p><strong>Horarios de atenci\u00f3n:<\/strong><\/p>\n\n\n\n<p><\/p>\n\n\n\n<p><strong>Tel\u00e9fono:<\/strong><\/p>\n<\/div>\n\n\n\n<div class=\"wp-block-column is-layout-flow\" style=\"flex-basis:66.66%\">\n<p>Hospital especializado<\/p>\n\n\n\n<p>288<\/p>\n\n\n\n<p>Pichincha, Quito<\/p>\n\n\n\n<p>&nbsp;Av. Quitumbe \u00d1an S\/N y Av. Quilla \u00d1an<\/p>\n\n\n\n<figure class=\"wp-block-table\"><table><tbody><tr><td>Hospitalizaci\u00f3n, Unidad de Cuidados Intensivos (UCI) Maternos, UCI Neonatolog\u00eda, Consulta Externa (Gineco \u2013 Obstetricia), Pediatr\u00eda (hasta los 5 a\u00f1os)<\/td><\/tr><tr><td>Imagenolog\u00eda\u00a0(RX,\u00a0 Mamograf\u00eda, Densitometr\u00eda, ecograf\u00eda), Laboratorio y\u00a0 Anatom\u00eda Patol\u00f3gica, Centro Quir\u00fargico, Centro Obst\u00e9trico, Medicina\u00a0Transfusional, Odontolog\u00eda y Emergencia.<\/td><\/tr><\/tbody><\/table><\/figure>\n\n\n\n<p>Imagenolog\u00eda: Ecosonograf\u00eda, Tomograf\u00eda, mamograf\u00eda, equipos de RX, Laboratorios Cl\u00ednico e Histopatol\u00f3gico, Farmacia, etc.<\/p>\n\n\n\n<p><\/p>\n\n\n\n<p><\/p>\n\n\n\n<p>Emergencia: las 24 horas. Consulta Externa: de 07h00 a 16h00 de lunes\u00a0a viernes.<\/p>\n\n\n\n<p><\/p>\n\n\n\n<p>PBX (593 2) 394 8940<\/p>\n\n\n\n<p>Informaci\u00f3n extensi\u00f3n 2404 <\/p>\n<\/div>\n<\/div>\n\n\n\n<p><\/p>\n","protected":false},"excerpt":{"rendered":"<p>Tipo: N\u00famero de camas: Lugar: Direcci\u00f3n: Servicios: Equipamiento: Horarios de atenci\u00f3n: Tel\u00e9fono: Hospital especializado 288 Pichincha, Quito &nbsp;Av. Quitumbe \u00d1an<\/p>\n","protected":false},"author":1,"featured_media":0,"parent":0,"menu_order":0,"comment_status":"closed","ping_status":"closed","template":"","meta":[],"_links":{"self":[{"href":"http:\/\/hgona.gob.ec\/index.php\/wp-json\/wp\/v2\/pages\/66"}],"collection":[{"href":"http:\/\/hgona.gob.ec\/index.php\/wp-json\/wp\/v2\/pages"}],"about":[{"href":"http:\/\/hgona.gob.ec\/index.php\/wp-json\/wp\/v2\/types\/page"}],"author":[{"embeddable":true,"href":"http:\/\/hgona.gob.ec\/index.php\/wp-json\/wp\/v2\/users\/1"}],"replies":[{"embeddable":true,"href":"http:\/\/hgona.gob.ec\/index.php\/wp-json\/wp\/v2\/comments?post=66"}],"version-history":[{"count":22,"href":"http:\/\/hgona.gob.ec\/index.php\/wp-json\/wp\/v2\/pages\/66\/revisions"}],"predecessor-version":[{"id":3837,"href":"http:\/\/hgona.gob.ec\/index.php\/wp-json\/wp\/v2\/pages\/66\/revisions\/3837"}],"wp:attachment":[{"href":"http:\/\/hgona.gob.ec\/index.php\/wp-json\/wp\/v2\/media?parent=66"}],"curies":[{"name":"wp","href":"https:\/\/api.w.org\/{rel}","templated":true}]}}