{"id":63,"date":"2021-03-18T20:01:47","date_gmt":"2021-03-18T20:01:47","guid":{"rendered":"http:\/\/172.16.100.105\/?page_id=63"},"modified":"2021-06-16T13:50:00","modified_gmt":"2021-06-16T13:50:00","slug":"docencia-e-investigacion","status":"publish","type":"page","link":"http:\/\/hgona.gob.ec\/index.php\/docencia-e-investigacion\/","title":{"rendered":"Docencia e investigaci\u00f3n"},"content":{"rendered":"\n<figure class=\"wp-block-image size-large\"><img decoding=\"async\" loading=\"lazy\" width=\"900\" height=\"500\" src=\"http:\/\/hgona.gob.ec\/wp-content\/uploads\/2021\/06\/DOCENCIA-E_INVESTIGACION-04.png\" alt=\"\" class=\"wp-image-3403\" srcset=\"http:\/\/hgona.gob.ec\/wp-content\/uploads\/2021\/06\/DOCENCIA-E_INVESTIGACION-04.png 900w, http:\/\/hgona.gob.ec\/wp-content\/uploads\/2021\/06\/DOCENCIA-E_INVESTIGACION-04-300x167.png 300w, http:\/\/hgona.gob.ec\/wp-content\/uploads\/2021\/06\/DOCENCIA-E_INVESTIGACION-04-768x427.png 768w, http:\/\/hgona.gob.ec\/wp-content\/uploads\/2021\/06\/DOCENCIA-E_INVESTIGACION-04-800x445.png 800w\" sizes=\"(max-width: 900px) 100vw, 900px\" \/><\/figure>\n\n\n\n<p>La gesti\u00f3n asistencial de docencia e investigaci\u00f3n del Hospital Gineco Obst\u00e9trico Pedi\u00e1trico de Nueva Aurora Luz Elena Arismendi, seg\u00fan Acuerdo Ministerial No 001537 de conformidad al Estatuto Org\u00e1nico de Gesti\u00f3n Organizacional por Procesos de los Hospitales, se\u00f1ala que este es un proceso agregador de valor con las siguientes funciones:<\/p>\n\n\n\n<p>a. Programas de Docencia e Investigaci\u00f3n que ser\u00e1n ejecutados en el Hospital;<\/p>\n\n\n\n<p>b. Plan de Coordinaci\u00f3n de Docencia de pregrado, postgrado y pasant\u00edas;<\/p>\n\n\n\n<p>c. Plan de capacitaci\u00f3n continua al usuario interno en coordinaci\u00f3n con Talento Humano;<\/p>\n\n\n\n<p>d. Planes y proyectos de investigaci\u00f3n;<\/p>\n\n\n\n<p>e. Plan de mejoramiento de la calidad de Docencia e Investigaci\u00f3n;<\/p>\n\n\n\n<p>f. Informes sobre los avances del Plan de investigaci\u00f3n;<\/p>\n\n\n\n<p>g. Informes sobre la Gesti\u00f3n de la Biblioteca;<\/p>\n\n\n\n<p>h. Hemeroteca completa de registros oficiales, reglamentos, estatutos, convenios, acuerdos y otro material bibliogr\u00e1fico;<\/p>\n\n\n\n<p>i. Plan de difusi\u00f3n de informaci\u00f3n cient\u00edfica y administrativa en coordinaci\u00f3n con comunicaci\u00f3n;<\/p>\n\n\n\n<p>j. Indicadores de gesti\u00f3n diario del trabajo, partes diarios de trabajo.<\/p>\n\n\n\n<p>El&nbsp;Hospital Gineco Obst\u00e9trico Pedi\u00e1trico de Nueva Aurora Luz Elena Arismendi&nbsp;mantiene convenios vigentes con Instituciones de Educaci\u00f3n Superior tales como:<\/p>\n\n\n\n<ul><li>Medicina: USFQ\/PUCE\/ UTE\/ UCE\/ UDLA\/UIDE<\/li><li>Enfermer\u00eda: UDLA,PUCE,UCE<\/li><li>Obstetricia: UCE<\/li><li>Laboratorio: UCE\/ PUCE<\/li><li>Imagen: UCE<\/li><li>Fisioterapia: PUCE\/UCE<\/li><li>Auxiliares de enfermer\u00eda: UDLA\/ UNIANDES<\/li><li>Psicolog\u00eda: UCE\/PUCE<\/li><li>Bioqu\u00edmica y Farmacia: ESPOCH<\/li><li>Radiolog\u00eda: UCE<\/li><li>Qu\u00edmica de Alimentos: UCE<\/li><li>Trabajo Social: UCE<\/li><li>Otras carreras fuera del \u00e1mbito asistencial como: Ing. Electr\u00f3nica, Mec\u00e1nica, Biotecnolog\u00eda, Comercial, Sistemas entre otras \/UPS.<\/li><\/ul>\n\n\n\n<p>Al ser un Hospital de tercer nivel, contamos actualmente con la rotaci\u00f3n de varios estudiantes de Pregrado, Grado (Internos Rotativos de Medicina) y Postgrado con carreras afines a ciencias de la salud: Durante el transcurso del 2019, hemos recibido a 133 internos que rotan 10 semanas en Gineco-obstetricia y 5 semanas en Neonatolog\u00eda. As\u00ed tambi\u00e9n, se cuenta con internas rotativas de obstetricia de la UCE cuya rotaci\u00f3n tiene una duraci\u00f3n de 12 meses en nuestra instituci\u00f3n. En este periodo del 2020, hemos recibido 189 estudiantes entre practicantes pre-profesionales, externos y posgradistas, el cual tiene por objeto fortalecer y completar su formaci\u00f3n m\u00e9dica en la pr\u00e1ctica cl\u00ednica \u2013 quir\u00fargica, brindando una atenci\u00f3n de calidad\/calidez en la poblaci\u00f3n pedi\u00e1trica del pa\u00eds.<\/p>\n","protected":false},"excerpt":{"rendered":"<p>La gesti\u00f3n asistencial de docencia e investigaci\u00f3n del Hospital Gineco Obst\u00e9trico Pedi\u00e1trico de Nueva Aurora Luz Elena Arismendi, seg\u00fan Acuerdo<\/p>\n","protected":false},"author":1,"featured_media":0,"parent":0,"menu_order":0,"comment_status":"closed","ping_status":"closed","template":"","meta":[],"_links":{"self":[{"href":"http:\/\/hgona.gob.ec\/index.php\/wp-json\/wp\/v2\/pages\/63"}],"collection":[{"href":"http:\/\/hgona.gob.ec\/index.php\/wp-json\/wp\/v2\/pages"}],"about":[{"href":"http:\/\/hgona.gob.ec\/index.php\/wp-json\/wp\/v2\/types\/page"}],"author":[{"embeddable":true,"href":"http:\/\/hgona.gob.ec\/index.php\/wp-json\/wp\/v2\/users\/1"}],"replies":[{"embeddable":true,"href":"http:\/\/hgona.gob.ec\/index.php\/wp-json\/wp\/v2\/comments?post=63"}],"version-history":[{"count":1,"href":"http:\/\/hgona.gob.ec\/index.php\/wp-json\/wp\/v2\/pages\/63\/revisions"}],"predecessor-version":[{"id":3405,"href":"http:\/\/hgona.gob.ec\/index.php\/wp-json\/wp\/v2\/pages\/63\/revisions\/3405"}],"wp:attachment":[{"href":"http:\/\/hgona.gob.ec\/index.php\/wp-json\/wp\/v2\/media?parent=63"}],"curies":[{"name":"wp","href":"https:\/\/api.w.org\/{rel}","templated":true}]}}