{"id":4134,"date":"2021-09-28T19:56:00","date_gmt":"2021-09-28T19:56:00","guid":{"rendered":"http:\/\/hgona.gob.ec\/?page_id=4134"},"modified":"2025-04-11T14:39:32","modified_gmt":"2025-04-11T19:39:32","slug":"laboratorio-clinico","status":"publish","type":"page","link":"http:\/\/hgona.gob.ec\/index.php\/laboratorio-clinico\/","title":{"rendered":"Laboratorio cl\u00ednico"},"content":{"rendered":"\n<figure class=\"wp-block-gallery has-nested-images columns-default is-cropped wp-block-gallery-1 is-layout-flex\">\n<figure class=\"wp-block-image size-large\"><img decoding=\"async\" loading=\"lazy\" width=\"1024\" height=\"768\" data-id=\"4190\"  src=\"http:\/\/hgona.gob.ec\/wp-content\/uploads\/2021\/09\/1-8-1024x768.jpg\" alt=\"\" class=\"wp-image-4190\" srcset=\"http:\/\/hgona.gob.ec\/wp-content\/uploads\/2021\/09\/1-8-1024x768.jpg 1024w, http:\/\/hgona.gob.ec\/wp-content\/uploads\/2021\/09\/1-8-300x225.jpg 300w, http:\/\/hgona.gob.ec\/wp-content\/uploads\/2021\/09\/1-8-768x576.jpg 768w, http:\/\/hgona.gob.ec\/wp-content\/uploads\/2021\/09\/1-8-1536x1152.jpg 1536w, http:\/\/hgona.gob.ec\/wp-content\/uploads\/2021\/09\/1-8-2048x1536.jpg 2048w\" sizes=\"(max-width: 1024px) 100vw, 1024px\" \/><\/figure>\n\n\n\n<figure class=\"wp-block-image size-large\"><img decoding=\"async\" loading=\"lazy\" width=\"1024\" height=\"768\" data-id=\"4191\"  src=\"http:\/\/hgona.gob.ec\/wp-content\/uploads\/2021\/09\/2-6-1024x768.jpg\" alt=\"\" class=\"wp-image-4191\" srcset=\"http:\/\/hgona.gob.ec\/wp-content\/uploads\/2021\/09\/2-6-1024x768.jpg 1024w, http:\/\/hgona.gob.ec\/wp-content\/uploads\/2021\/09\/2-6-300x225.jpg 300w, http:\/\/hgona.gob.ec\/wp-content\/uploads\/2021\/09\/2-6-768x576.jpg 768w, http:\/\/hgona.gob.ec\/wp-content\/uploads\/2021\/09\/2-6-1536x1152.jpg 1536w, http:\/\/hgona.gob.ec\/wp-content\/uploads\/2021\/09\/2-6-2048x1536.jpg 2048w\" sizes=\"(max-width: 1024px) 100vw, 1024px\" \/><\/figure>\n\n\n\n<figure class=\"wp-block-image size-large\"><img decoding=\"async\" loading=\"lazy\" width=\"1024\" height=\"768\" data-id=\"4192\"  src=\"http:\/\/hgona.gob.ec\/wp-content\/uploads\/2021\/09\/3-6-1024x768.jpg\" alt=\"\" class=\"wp-image-4192\" srcset=\"http:\/\/hgona.gob.ec\/wp-content\/uploads\/2021\/09\/3-6-1024x768.jpg 1024w, http:\/\/hgona.gob.ec\/wp-content\/uploads\/2021\/09\/3-6-300x225.jpg 300w, http:\/\/hgona.gob.ec\/wp-content\/uploads\/2021\/09\/3-6-768x576.jpg 768w, http:\/\/hgona.gob.ec\/wp-content\/uploads\/2021\/09\/3-6-1536x1152.jpg 1536w, http:\/\/hgona.gob.ec\/wp-content\/uploads\/2021\/09\/3-6-2048x1536.jpg 2048w\" sizes=\"(max-width: 1024px) 100vw, 1024px\" \/><\/figure>\n<\/figure>\n\n\n\n<p>El laboratorio Cl\u00ednico del Hospital Gineco Obst\u00e9trico Pedi\u00e1trico de Nueva Aurora \u201cLuz Elena Arismendi\u201d, presta su servicio a la comunidad con calidad y calidez brindando su servicio las 24 horas, siendo referencia a nivel nacional, con una oferta de ex\u00e1menes de hematolog\u00eda, hemostasia, qu\u00edmica sangu\u00ednea, inmunolog\u00eda, gasometr\u00eda, electrolitos, hormonas, marcadores tumorales, pruebas autoinmunes, microbiolog\u00eda, uroan\u00e1lisis, coproan\u00e1lisis y biolog\u00eda molecular.<\/p>\n\n\n\n<p>El servicio cuenta con personal capacitado y tecnolog\u00eda de punta, lo que nos permite brindar un excelente servicio a la comunidad cumpliendo con est\u00e1ndares nacionales e internacionales.<\/p>\n\n\n\n<p>Pol\u00edtica de Calidad<\/p>\n\n\n\n<p>El laboratorio del Hospital Gineco Obst\u00e9trico Pedi\u00e1trico de Nueva Aurora Luz Elena Arismendi brinda el servicio de realizaci\u00f3n de ex\u00e1menes de an\u00e1lisis cl\u00ednicos cumpliendo con est\u00e1ndares de calidad sustentados en la normativa legal del pa\u00eds, de Seguridad del paciente y de mejora continua del sistema de gesti\u00f3n de la calidad basado en los est\u00e1ndares de normativa ISO: 9001:2015, con personal capacitado, tecnolog\u00eda de punta y conciencia ambiental lo que permite emitir resultados oportunos, confiables y adecuados para satisfacci\u00f3n de nuestros usuarios.<\/p>\n\n\n\n<p><strong>Misi\u00f3n:<\/strong><\/p>\n\n\n\n<p>Somos un laboratorio que proporciona resultados cl\u00ednicamente \u00fatiles, confiables, oportunos y calidad, a trav\u00e9s de un servicio diagn\u00f3stico de alta complejidad, con personal competente, tecnolog\u00eda de punta, respondiendo a las exigencias de la medicina y para la satisfacci\u00f3n de nuestros usuarios.<\/p>\n\n\n\n<p><strong>Visi\u00f3n:<\/strong><\/p>\n\n\n\n<p>Ser un laboratorio de referencia dentro de la red p\u00fablica integral de salud por brindar servicios con calidad y calidez, garantizando el uso eficiente y transparente de los recursos.<\/p>\n\n\n\n<p><strong>Horario de atenci\u00f3n a consulta externa<\/strong><\/p>\n\n\n\n<p>De&nbsp;lunes&nbsp;a&nbsp;viernes&nbsp;de 07:00 a 8:30<\/p>\n\n\n\n<p><strong>Horario de atenci\u00f3n a emergencias y hospitalizaci\u00f3n<\/strong><\/p>\n\n\n\n<p>Las 24 horas del d\u00eda los 7 d\u00edas de la semana<\/p>\n\n\n\n<p><strong>Entrega de resultados pacientes referidos<\/strong><\/p>\n\n\n\n<p>De&nbsp;lunes&nbsp;a&nbsp;viernes&nbsp;de 15:00 a 17:00<\/p>\n\n\n\n<p>Los resultados de los pacientes de esta casa de salud son cargados directamente al sistema y pueden ser revisados por el profesional que los solicit\u00f3, no es necesario que sean retirados como sucede con los resultados de los pacientes referidos.<\/p>\n","protected":false},"excerpt":{"rendered":"<p>El laboratorio Cl\u00ednico del Hospital Gineco Obst\u00e9trico Pedi\u00e1trico de Nueva Aurora \u201cLuz Elena Arismendi\u201d, presta su servicio a la comunidad<\/p>\n","protected":false},"author":1,"featured_media":0,"parent":0,"menu_order":0,"comment_status":"closed","ping_status":"closed","template":"","meta":[],"_links":{"self":[{"href":"http:\/\/hgona.gob.ec\/index.php\/wp-json\/wp\/v2\/pages\/4134"}],"collection":[{"href":"http:\/\/hgona.gob.ec\/index.php\/wp-json\/wp\/v2\/pages"}],"about":[{"href":"http:\/\/hgona.gob.ec\/index.php\/wp-json\/wp\/v2\/types\/page"}],"author":[{"embeddable":true,"href":"http:\/\/hgona.gob.ec\/index.php\/wp-json\/wp\/v2\/users\/1"}],"replies":[{"embeddable":true,"href":"http:\/\/hgona.gob.ec\/index.php\/wp-json\/wp\/v2\/comments?post=4134"}],"version-history":[{"count":3,"href":"http:\/\/hgona.gob.ec\/index.php\/wp-json\/wp\/v2\/pages\/4134\/revisions"}],"predecessor-version":[{"id":7944,"href":"http:\/\/hgona.gob.ec\/index.php\/wp-json\/wp\/v2\/pages\/4134\/revisions\/7944"}],"wp:attachment":[{"href":"http:\/\/hgona.gob.ec\/index.php\/wp-json\/wp\/v2\/media?parent=4134"}],"curies":[{"name":"wp","href":"https:\/\/api.w.org\/{rel}","templated":true}]}}