{"id":173,"date":"2021-03-18T20:40:50","date_gmt":"2021-03-18T20:40:50","guid":{"rendered":"http:\/\/172.16.100.105\/?page_id=173"},"modified":"2021-10-11T14:03:02","modified_gmt":"2021-10-11T14:03:02","slug":"investigacion","status":"publish","type":"page","link":"http:\/\/hgona.gob.ec\/index.php\/investigacion\/","title":{"rendered":"Investigaci\u00f3n"},"content":{"rendered":"\n<figure class=\"wp-block-image size-large\"><img decoding=\"async\" loading=\"lazy\" width=\"900\" height=\"500\" src=\"http:\/\/hgona.gob.ec\/wp-content\/uploads\/2021\/06\/investigacion-05.png\" alt=\"\" class=\"wp-image-3411\" srcset=\"http:\/\/hgona.gob.ec\/wp-content\/uploads\/2021\/06\/investigacion-05.png 900w, http:\/\/hgona.gob.ec\/wp-content\/uploads\/2021\/06\/investigacion-05-300x167.png 300w, http:\/\/hgona.gob.ec\/wp-content\/uploads\/2021\/06\/investigacion-05-768x427.png 768w, http:\/\/hgona.gob.ec\/wp-content\/uploads\/2021\/06\/investigacion-05-800x445.png 800w\" sizes=\"(max-width: 900px) 100vw, 900px\" \/><\/figure>\n\n\n\n<p><strong>Proceso evaluaci\u00f3n t\u00e9cnica de proyectos de investigaci\u00f3n:<\/strong><\/p>\n\n\n\n<p>El Hospital Gineco Obst\u00e9trico Pedi\u00e1trico de Nueva Aurora Luz Elena Arismendi, remite mediante la presente los lineamientos y directrices para promover e incentivar la investigaci\u00f3n como referente del cuidado gineco- obst\u00e9trico y pedi\u00e1trico de la poblaci\u00f3n del pa\u00eds.<\/p>\n\n\n\n<p>A continuaci\u00f3n encontrar\u00e1 el proceso para ejecutar proyectos de investigaci\u00f3n, en apego a lo establecido al Reglamento Interno de Docencia e Investigaci\u00f3n, la creaci\u00f3n de un Comit\u00e9 de \u00c9tica e Investigaci\u00f3n en Seres Humanos CEISH, y a lo establecido a la Direcci\u00f3n Nacional de Inteligencia en Salud.<\/p>\n\n\n\n<p><strong>Ensayos Cl\u00ednicos:<\/strong> Para la autorizaci\u00f3n de ensayos cl\u00ednicos refi\u00e9rase a la Agencia Nacional de Regulaci\u00f3n, Control y Vigilancia Sanitaria-ARCSA.  <strong><a href=\"https:\/\/www.controlsanitario.gob.ec\/ensayos-clinicos\/\" data-type=\"URL\" data-id=\"https:\/\/www.controlsanitario.gob.ec\/ensayos-clinicos\/\">(Clic aqu\u00ed)<\/a><\/strong><\/p>\n\n\n\n<p><strong>Investigaciones Observacionales en Salud que utilicen muestras biol\u00f3gicas humanas:<\/strong><\/p>\n\n\n\n<ul><li>Tener en cuenta que aquellas investigaciones en salud que no involucren el uso de muestras biol\u00f3gicas humanas, pero que incluyan participantes considerados como parte de un grupo vulnerable, deber\u00e1n obtener previo a su ejecuci\u00f3n, la aprobaci\u00f3n de Comit\u00e9 de \u00c9tica de Investigaci\u00f3n en Seres Humanos (CEISH) reconocido por el MSP.<\/li><li>El Hospital Gineco Obst\u00e9trico Pedi\u00e1trico de Nueva Aurora Luz Elena Arismendi trabaja con: mujeres en estado de gestaci\u00f3n, con ni\u00f1os, ni\u00f1as y adolescentes que enmarcan en el grupo de poblaci\u00f3n vulnerable. Por lo tanto, todo tipo de investigaci\u00f3n deber\u00e1 contar con las aprobaciones: t\u00e9cnica del Hospital y \u00e9tica de un CEISH; previo al c\u00f3digo de investigaci\u00f3n que emitir\u00e1 el departamento de docencia e investigaci\u00f3n del HGONA para iniciar con la colecta de datos, ejecuci\u00f3n y publicaci\u00f3n de las investigaciones.<\/li><\/ul>\n\n\n\n<div class=\"wp-block-columns is-layout-flex wp-container-3\">\n<div class=\"wp-block-column is-layout-flow\" style=\"flex-basis:33.33%\">\n<p><strong><span style=\"color:#2e5b85\" class=\"has-inline-color\">Tr\u00e1mite<\/span><\/strong><\/p>\n\n\n\n<p><\/p>\n\n\n\n<p><\/p>\n\n\n\n<p><\/p>\n\n\n\n<p><\/p>\n\n\n\n<p><strong>Evaluaci\u00f3n t\u00e9cnica proyectos de investigaci\u00f3n&nbsp;(Observacionales en Salud)<\/strong><\/p>\n<\/div>\n\n\n\n<div class=\"wp-block-column is-layout-flow\" style=\"flex-basis:66.66%\">\n<p><span style=\"color:#2e5b85\" class=\"has-inline-color\"><strong>Requisitos<\/strong><\/span><\/p>\n\n\n\n<p><strong>1.- Solicitud de evaluaci\u00f3n t\u00e9cnica del proyecto de investigaci\u00f3n<\/strong> a desarrollarse en el HGONA, suscrita por el investigador principal, en el caso de estudiantes la solicitud deber\u00e1 ser suscrita por el Director de Tesis. <a href=\"http:\/\/hgona.gob.ec\/wp-content\/uploads\/2021\/10\/SOLICITUD_DE-FACTIBILIDAD_TECNICA.docx\" data-type=\"URL\">(Clic aqu\u00ed)<\/a><\/p>\n\n\n\n<p><strong>2.- Formulario MSP<\/strong> para la presentaci\u00f3n de proyectos de investigaci\u00f3n. <a href=\"http:\/\/hgona.gob.ec\/wp-content\/uploads\/2021\/07\/FORMULARIO-PARA-LA-PRESENTACION-DE-PROTOCOLOS-DE-INVESTIGACION-EN-SALUD_V1_5-2_VF2.docx\" data-type=\"URL\" data-id=\"http:\/\/hgona.gob.ec\/wp-content\/uploads\/2021\/07\/FORMULARIO-PARA-LA-PRESENTACION-DE-PROTOCOLOS-DE-INVESTIGACION-EN-SALUD_V1_5-2_VF2.docx\">(Clic aqu\u00ed)<\/a><\/p>\n\n\n\n<p><strong>3.- Cartas:<\/strong><\/p>\n\n\n\n<ul><li>Carta de Compromiso. <a href=\"http:\/\/hgona.gob.ec\/wp-content\/uploads\/2021\/07\/CARTA_DE_COMPROMISO_docencia_hgona_2021.docx\" data-type=\"URL\" data-id=\"http:\/\/hgona.gob.ec\/wp-content\/uploads\/2021\/07\/CARTA_DE_COMPROMISO_docencia_hgona_2021.docx\">(Clic aqu\u00ed)<\/a><\/li><\/ul>\n\n\n\n<ul><li>Carta de Confidencialidad. <a href=\"http:\/\/hgona.gob.ec\/wp-content\/uploads\/2021\/07\/CARTA_DE_CONFIDENCIALIDAD_hgona_2021.docx\" data-type=\"URL\" data-id=\"http:\/\/hgona.gob.ec\/wp-content\/uploads\/2021\/07\/CARTA_DE_CONFIDENCIALIDAD_hgona_2021.docx\">(Clic aqu\u00ed)<\/a><\/li><\/ul>\n\n\n\n<ul><li>Carta de Tutor Hospital Gineco Obst\u00e9trico Pedi\u00e1trico de Nueva Aurora Luz Elena Arismendi. <a href=\"http:\/\/hgona.gob.ec\/wp-content\/uploads\/2021\/10\/CARTA_DE_TUTOR.docx\" data-type=\"URL\">(Clic aqu\u00ed)<\/a><\/li><\/ul>\n\n\n\n<ul><li>Carta de aprobaci\u00f3n instituciones ejecutoras de investigaci\u00f3n, suscrito por el Director de Investigaci\u00f3n o autoridad competente seg\u00fan sea el caso.<\/li><\/ul>\n\n\n\n<p><strong>4.- Formatos de consentimiento informado<\/strong> y todos los instrumentos de evaluaci\u00f3n a ser utilizados en la investigaci\u00f3n (entrevistas, encuestas, instrucciones escritas, manuales, gu\u00edas, entre otros).<\/p>\n\n\n\n<p><strong>5.-<\/strong> Despu\u00e9s de la aprobaci\u00f3n de factibilidad t\u00e9cnica del HGONA y Aprobaci\u00f3n del CEISH&nbsp;<a rel=\"noreferrer noopener\" href=\"https:\/\/www.salud.gob.ec\/wp-content\/uploads\/2019\/04\/Lista-de-CEISH-vigentes-abril-2019.pdf\" target=\"_blank\"><strong>(Clic aqu\u00ed)<\/strong> <\/a><a href=\"https:\/\/www.salud.gob.ec\/wp-content\/uploads\/2017\/04\/lista_CEISH_vigentes_noviembre2018.pdf\">.<\/a> &nbsp;El usuario deber\u00e1 ingresar esta documentaci\u00f3n para recibir su c\u00f3digo de investigaci\u00f3n.<\/p>\n<\/div>\n<\/div>\n\n\n\n<p><strong>Nota:&nbsp;<\/strong>&nbsp;Previo a la entrega revisar exhaustivamente el contenido metodol\u00f3gico, estad\u00edstico y \u00e9tico de la propuesta de investigaci\u00f3n de acuerdo con lo que establece el reglamento interno y formularios, caso contrario no se dar\u00e1 inicio al tr\u00e1mite.<\/p>\n\n\n\n<p><strong>Proceso para acceder al tr\u00e1mite&nbsp;<em>\u201cEvaluaci\u00f3n T\u00e9cnica proyectos de investigaci\u00f3n\u201d<\/em><\/strong><\/p>\n\n\n\n<p>Toda la documentaci\u00f3n solicitada deber\u00e1 entregarse en f\u00edsico y digital (CD) en la ventanilla de Atenci\u00f3n al Usuario (Counter principal planta baja), para registro institucional del tr\u00e1mite mediante el sistema documental Quipux, para lo cual se le crear\u00e1 un usuario al investigador.<\/p>\n\n\n\n<ul><li><strong>Paso 1:&nbsp;Presentar requisitos para su verificaci\u00f3n<\/strong><\/li><li><strong>Paso 2:&nbsp;El HGONA realizar\u00e1 la evaluaci\u00f3n t\u00e9cnica del proyecto de investigaci\u00f3n.<\/strong><\/li><\/ul>\n\n\n\n<p>En caso de que el resultado de la evaluaci\u00f3n del estudio se considere \u201cpendiente\u201d, el investigador deber\u00e1 entregar el protocolo con las correcciones y\/o modificaciones solicitadas en la ventanilla de Atenci\u00f3n al Usuario (Counter principal planta baja) en el t\u00e9rmino de 30 d\u00edas.<\/p>\n\n\n\n<ul><li><strong>Paso 3:&nbsp;<\/strong>Realizar el reingreso de los documentos en el caso antes mencionado.<\/li><li><strong>Paso 4:&nbsp;<\/strong>Recibir la Aprobaci\u00f3n de la evaluaci\u00f3n t\u00e9cnica del proyecto de investigaci\u00f3n v\u00eda Quipux.<\/li><\/ul>\n\n\n\n<p>Despu\u00e9s de la aprobaci\u00f3n de factibilidad t\u00e9cnica\/evaluaci\u00f3n t\u00e9cnica del HGONA y del CEISH&nbsp;<a href=\"https:\/\/www.salud.gob.ec\/wp-content\/uploads\/2019\/04\/Lista-de-CEISH-vigentes-abril-2019.pdf\" target=\"_blank\" rel=\"noreferrer noopener\"><strong>(Clic aqu\u00ed)<\/strong><\/a><a href=\"https:\/\/www.salud.gob.ec\/wp-content\/uploads\/2017\/04\/lista_CEISH_vigentes_noviembre2018.pdf\">.&nbsp;<\/a>&nbsp;El usuario deber\u00e1 ingresar esta documentaci\u00f3n para recibir su c\u00f3digo de investigaci\u00f3n.<\/p>\n\n\n\n<p class=\"has-text-align-center\"><strong>EL TR\u00c1MITE NO TIENE COSTO<\/strong><\/p>\n\n\n\n<p class=\"has-text-align-center\"><strong>Para preguntas, sugerencias y denuncias<\/strong><\/p>\n","protected":false},"excerpt":{"rendered":"<p>Proceso evaluaci\u00f3n t\u00e9cnica de proyectos de investigaci\u00f3n: El Hospital Gineco Obst\u00e9trico Pedi\u00e1trico de Nueva Aurora Luz Elena Arismendi, remite mediante<\/p>\n","protected":false},"author":1,"featured_media":0,"parent":0,"menu_order":0,"comment_status":"closed","ping_status":"closed","template":"","meta":[],"_links":{"self":[{"href":"http:\/\/hgona.gob.ec\/index.php\/wp-json\/wp\/v2\/pages\/173"}],"collection":[{"href":"http:\/\/hgona.gob.ec\/index.php\/wp-json\/wp\/v2\/pages"}],"about":[{"href":"http:\/\/hgona.gob.ec\/index.php\/wp-json\/wp\/v2\/types\/page"}],"author":[{"embeddable":true,"href":"http:\/\/hgona.gob.ec\/index.php\/wp-json\/wp\/v2\/users\/1"}],"replies":[{"embeddable":true,"href":"http:\/\/hgona.gob.ec\/index.php\/wp-json\/wp\/v2\/comments?post=173"}],"version-history":[{"count":12,"href":"http:\/\/hgona.gob.ec\/index.php\/wp-json\/wp\/v2\/pages\/173\/revisions"}],"predecessor-version":[{"id":7027,"href":"http:\/\/hgona.gob.ec\/index.php\/wp-json\/wp\/v2\/pages\/173\/revisions\/7027"}],"wp:attachment":[{"href":"http:\/\/hgona.gob.ec\/index.php\/wp-json\/wp\/v2\/media?parent=173"}],"curies":[{"name":"wp","href":"https:\/\/api.w.org\/{rel}","templated":true}]}}