{"id":172,"date":"2021-03-18T20:40:50","date_gmt":"2021-03-18T20:40:50","guid":{"rendered":"http:\/\/172.16.100.105\/?page_id=172"},"modified":"2021-06-16T13:58:26","modified_gmt":"2021-06-16T13:58:26","slug":"docencia","status":"publish","type":"page","link":"http:\/\/hgona.gob.ec\/index.php\/docencia\/","title":{"rendered":"Docencia"},"content":{"rendered":"\n<figure class=\"wp-block-image size-large\"><img decoding=\"async\" loading=\"lazy\" width=\"900\" height=\"500\" src=\"http:\/\/hgona.gob.ec\/wp-content\/uploads\/2021\/06\/DOCENCIA-04.png\" alt=\"\" class=\"wp-image-3407\" srcset=\"http:\/\/hgona.gob.ec\/wp-content\/uploads\/2021\/06\/DOCENCIA-04.png 900w, http:\/\/hgona.gob.ec\/wp-content\/uploads\/2021\/06\/DOCENCIA-04-300x167.png 300w, http:\/\/hgona.gob.ec\/wp-content\/uploads\/2021\/06\/DOCENCIA-04-768x427.png 768w, http:\/\/hgona.gob.ec\/wp-content\/uploads\/2021\/06\/DOCENCIA-04-800x445.png 800w\" sizes=\"(max-width: 900px) 100vw, 900px\" \/><\/figure>\n\n\n\n<p><strong>Proceso de ingreso de estudiante<\/strong><\/p>\n\n\n\n<p>Las Instituciones de Educaci\u00f3n Superior deben seguir el proceso de solicitud pertinente para celebrar convenios con la Coordinaci\u00f3n Zonal 9 para la rotaci\u00f3n de los estudiantes de pregrado, grado y postgrado en el HGONA, una vez aprobado por ambas instituciones en concordancia con la capacidad del cupo asignado, los requisitos para el ingreso son:<\/p>\n\n\n\n<ul><li>Presentarse en Gesti\u00f3n de Docencia e Investigaci\u00f3n.<\/li><li>Hoja de vida completa en digital.&nbsp;<a href=\"javascript:mctmp(0);\"><\/a><\/li><li>Carn\u00e9 de vacunas.<\/li><li>Copia de cedula y papeleta de votaci\u00f3n.<\/li><li>Foto tama\u00f1o carn\u00e9 formato digital JPG, para la entrega de su identificaci\u00f3n.<\/li><li>Registrarse en Talento Humano para el Reloj Biom\u00e9trico<\/li><li>Realizar la Inducci\u00f3n Institucional<\/li><li>Uso adecuado del Uniforme<\/li><li>Cumplir con las normas de Bioseguridad.<\/li><li>Al finalizar su rotaci\u00f3n, es obligatorio validar las calificaciones en Gesti\u00f3n de Docencia e Investigaci\u00f3n para enviar en digital a la Universidad.<\/li><\/ul>\n\n\n\n<p><strong>Educaci\u00f3n continua:<\/strong><\/p>\n\n\n\n<p>La finalidad de la Educaci\u00f3n Continua es\u00a0mantenerse al d\u00eda en los conocimientos, habilidades, actitudes y destrezas que caracterizan a su disciplina, para esto el HGONA ha generado espacios presenciales y virtuales para quienes quieren extender su conocimiento hacia \u00e1reas complementarias, acceder al manejo de nuevos procedimientos y\/o tecnolog\u00edas, que les permitan lograr un mejor desempe\u00f1o y laboral y personal. Para lo cual le invitamos a participar y visitar nuestro espacio de aprendizaje aqu\u00ed:<\/p>\n\n\n\n<p><a href=\"http:\/\/salud.hgona.gob.ec\/capacitacion\/\">http:\/\/salud.hgona.gob.ec\/capacitacion\/<\/a><\/p>\n","protected":false},"excerpt":{"rendered":"<p>Proceso de ingreso de estudiante Las Instituciones de Educaci\u00f3n Superior deben seguir el proceso de solicitud pertinente para celebrar convenios<\/p>\n","protected":false},"author":1,"featured_media":0,"parent":0,"menu_order":0,"comment_status":"closed","ping_status":"closed","template":"","meta":[],"_links":{"self":[{"href":"http:\/\/hgona.gob.ec\/index.php\/wp-json\/wp\/v2\/pages\/172"}],"collection":[{"href":"http:\/\/hgona.gob.ec\/index.php\/wp-json\/wp\/v2\/pages"}],"about":[{"href":"http:\/\/hgona.gob.ec\/index.php\/wp-json\/wp\/v2\/types\/page"}],"author":[{"embeddable":true,"href":"http:\/\/hgona.gob.ec\/index.php\/wp-json\/wp\/v2\/users\/1"}],"replies":[{"embeddable":true,"href":"http:\/\/hgona.gob.ec\/index.php\/wp-json\/wp\/v2\/comments?post=172"}],"version-history":[{"count":2,"href":"http:\/\/hgona.gob.ec\/index.php\/wp-json\/wp\/v2\/pages\/172\/revisions"}],"predecessor-version":[{"id":3410,"href":"http:\/\/hgona.gob.ec\/index.php\/wp-json\/wp\/v2\/pages\/172\/revisions\/3410"}],"wp:attachment":[{"href":"http:\/\/hgona.gob.ec\/index.php\/wp-json\/wp\/v2\/media?parent=172"}],"curies":[{"name":"wp","href":"https:\/\/api.w.org\/{rel}","templated":true}]}}