{"id":103,"date":"2021-03-18T20:09:48","date_gmt":"2021-03-18T20:09:48","guid":{"rendered":"http:\/\/172.16.100.105\/?page_id=103"},"modified":"2024-02-19T12:28:15","modified_gmt":"2024-02-19T17:28:15","slug":"direccion-asistencial","status":"publish","type":"page","link":"http:\/\/hgona.gob.ec\/index.php\/direccion-asistencial\/","title":{"rendered":"Direcci\u00f3n Asistencial"},"content":{"rendered":"\n<figure class=\"wp-block-gallery alignleft has-nested-images columns-default is-cropped wp-block-gallery-1 is-layout-flex\">\n<figure class=\"wp-block-image size-full\"><img decoding=\"async\" loading=\"lazy\" width=\"236\" height=\"262\" data-id=\"6858\"  src=\"http:\/\/hgona.gob.ec\/wp-content\/uploads\/2024\/02\/Patricio-Cartuche.jpeg\" alt=\"\" class=\"wp-image-6858\"\/><\/figure>\n<\/figure>\n\n\n\n<p class=\"has-text-align-center\" style=\"font-size:21px\"><strong>Dr. Patricio Cartuche &#8211; Director Asistencial<\/strong><\/p>\n\n\n\n<p class=\"has-medium-font-size\">Es m\u00e9dico especialista en ginecolog\u00eda y obstetricia, por la Universidad Central del Ecuador, y tiene un posgrado en medicina materno fetal con aval de la Universidad Aut\u00f3noma de Barcelona, es M\u00e1ster en Gerencia Hospitalaria y Administraci\u00f3n de Hospitales.<br>Se ha desempe\u00f1ado como Jefe de Servicio de alto Riesgo Obst\u00e9trico, Director Asistencial del HGONA.<br>Fue docente del posgrado de medicina familiar de la Universidad Central del ecuador a\u00f1o 2019.<br>Ha efectuado m\u00faltiples publicaciones.<\/p>\n","protected":false},"excerpt":{"rendered":"<p>Dr. Patricio Cartuche &#8211; Director Asistencial Es m\u00e9dico especialista en ginecolog\u00eda y obstetricia, por la Universidad Central del Ecuador, y<\/p>\n","protected":false},"author":1,"featured_media":0,"parent":0,"menu_order":0,"comment_status":"closed","ping_status":"closed","template":"page-templates\/page-builder.php","meta":[],"_links":{"self":[{"href":"http:\/\/hgona.gob.ec\/index.php\/wp-json\/wp\/v2\/pages\/103"}],"collection":[{"href":"http:\/\/hgona.gob.ec\/index.php\/wp-json\/wp\/v2\/pages"}],"about":[{"href":"http:\/\/hgona.gob.ec\/index.php\/wp-json\/wp\/v2\/types\/page"}],"author":[{"embeddable":true,"href":"http:\/\/hgona.gob.ec\/index.php\/wp-json\/wp\/v2\/users\/1"}],"replies":[{"embeddable":true,"href":"http:\/\/hgona.gob.ec\/index.php\/wp-json\/wp\/v2\/comments?post=103"}],"version-history":[{"count":26,"href":"http:\/\/hgona.gob.ec\/index.php\/wp-json\/wp\/v2\/pages\/103\/revisions"}],"predecessor-version":[{"id":6860,"href":"http:\/\/hgona.gob.ec\/index.php\/wp-json\/wp\/v2\/pages\/103\/revisions\/6860"}],"wp:attachment":[{"href":"http:\/\/hgona.gob.ec\/index.php\/wp-json\/wp\/v2\/media?parent=103"}],"curies":[{"name":"wp","href":"https:\/\/api.w.org\/{rel}","templated":true}]}}