{"id":102,"date":"2021-03-18T20:09:48","date_gmt":"2021-03-18T20:09:48","guid":{"rendered":"http:\/\/172.16.100.105\/?page_id=102"},"modified":"2024-02-28T13:06:03","modified_gmt":"2024-02-28T18:06:03","slug":"gerente","status":"publish","type":"page","link":"http:\/\/hgona.gob.ec\/index.php\/gerente\/","title":{"rendered":"Nuestro Gerente"},"content":{"rendered":"<div class=\"wp-block-image\">\n<figure class=\"alignleft size-large is-resized\"><img decoding=\"async\" loading=\"lazy\" src=\"http:\/\/hgona.gob.ec\/wp-content\/uploads\/2024\/02\/Gerente-Diego-Vaca-798x1024.jpeg\" alt=\"\" class=\"wp-image-6861\" width=\"416\" height=\"534\" srcset=\"http:\/\/hgona.gob.ec\/wp-content\/uploads\/2024\/02\/Gerente-Diego-Vaca-798x1024.jpeg 798w, http:\/\/hgona.gob.ec\/wp-content\/uploads\/2024\/02\/Gerente-Diego-Vaca-234x300.jpeg 234w, http:\/\/hgona.gob.ec\/wp-content\/uploads\/2024\/02\/Gerente-Diego-Vaca-768x985.jpeg 768w, http:\/\/hgona.gob.ec\/wp-content\/uploads\/2024\/02\/Gerente-Diego-Vaca.jpeg 998w\" sizes=\"(max-width: 416px) 100vw, 416px\" \/><\/figure><\/div>\n\n\n<div class=\"wp-block-group has-black-color has-text-color is-layout-flow\"><div class=\"wp-block-group__inner-container\">\n<p class=\"has-medium-font-size\"><strong>Dr. Diego Vaca Escobar MD. Msc. <\/strong><\/p>\n\n\n\n<p class=\"has-medium-font-size\"><strong> Gerente del Hospital Gineco Obst\u00e9trico Pedi\u00e1trico de Nueva Aurora \u00abLuz Elena Arismendi\u00bb <\/strong><\/p>\n\n\n\n<p class=\"has-medium-font-size\">Nuestro Gerente, Diego Vaca Escobar, es m\u00e9dico especialista en ginecolog\u00eda y obstetricia por la Pontificia Universidad Cat\u00f3lica del Ecuador, tiene un diplomado superior en docencia universitaria por la Pontificia Universidad Cat\u00f3lica del Ecuador. Asimismo, es Magister en Direcci\u00f3n y Gesti\u00f3n Sanitaria por la Universidad Internacional de La Rioja Espa\u00f1a.<br>Se ha desempe\u00f1ado como Director M\u00e9dico del Hospital San Mateo, Coordinador de las Especialidades Cl\u00ednico Quir\u00fargicas y \u2060Jefe del Servicio de Centro Obst\u00e9trico \u2013 HGONA.<br>Cuenta con capacitaci\u00f3n en temas administrativos, operativos y de atenci\u00f3n al paciente en el \u00e1mbito de la salud.<br>Es instructor internacional de cirug\u00eda obst\u00e9trica avanzada y emergencias obst\u00e9tricas, adem\u00e1s es Docente de la Universidad Central del Ecuador y Universidad UTE.<br>Es miembro de la Sociedad Ecuatoriana de Ginecolog\u00eda y Obstetricia.<\/p>\n<\/div><\/div>\n","protected":false},"excerpt":{"rendered":"<p>Dr. Diego Vaca Escobar MD. Msc. Gerente del Hospital Gineco Obst\u00e9trico Pedi\u00e1trico de Nueva Aurora \u00abLuz Elena Arismendi\u00bb Nuestro Gerente,<\/p>\n","protected":false},"author":1,"featured_media":0,"parent":0,"menu_order":0,"comment_status":"closed","ping_status":"closed","template":"page-templates\/contact.php","meta":[],"_links":{"self":[{"href":"http:\/\/hgona.gob.ec\/index.php\/wp-json\/wp\/v2\/pages\/102"}],"collection":[{"href":"http:\/\/hgona.gob.ec\/index.php\/wp-json\/wp\/v2\/pages"}],"about":[{"href":"http:\/\/hgona.gob.ec\/index.php\/wp-json\/wp\/v2\/types\/page"}],"author":[{"embeddable":true,"href":"http:\/\/hgona.gob.ec\/index.php\/wp-json\/wp\/v2\/users\/1"}],"replies":[{"embeddable":true,"href":"http:\/\/hgona.gob.ec\/index.php\/wp-json\/wp\/v2\/comments?post=102"}],"version-history":[{"count":24,"href":"http:\/\/hgona.gob.ec\/index.php\/wp-json\/wp\/v2\/pages\/102\/revisions"}],"predecessor-version":[{"id":6873,"href":"http:\/\/hgona.gob.ec\/index.php\/wp-json\/wp\/v2\/pages\/102\/revisions\/6873"}],"wp:attachment":[{"href":"http:\/\/hgona.gob.ec\/index.php\/wp-json\/wp\/v2\/media?parent=102"}],"curies":[{"name":"wp","href":"https:\/\/api.w.org\/{rel}","templated":true}]}}